{"id":319,"date":"2013-08-04T06:23:13","date_gmt":"2013-08-04T04:23:13","guid":{"rendered":"http:\/\/ulrike-terhardt.de\/?page_id=319"},"modified":"2020-02-12T15:45:52","modified_gmt":"2020-02-12T14:45:52","slug":"intro","status":"publish","type":"page","link":"https:\/\/www.ulrike-terhardt.de\/","title":{"rendered":"Intro"},"content":{"rendered":"<p style=\"text-align: center;\"><img decoding=\"async\" loading=\"lazy\" class=\"aligncenter size-full wp-image-345\" src=\"http:\/\/ulrike-terhardt.de\/wp-content\/uploads\/2013\/08\/2011_0720horizons0013-Kopie-2-web-2-Kopie-L\u00dc-Kopie.jpg\" alt=\"2011_0720horizons0013 Kopie 2 web 2 Kopie L\u00dc Kopie\" width=\"1000\" height=\"288\" srcset=\"https:\/\/www.ulrike-terhardt.de\/wp-content\/uploads\/2013\/08\/2011_0720horizons0013-Kopie-2-web-2-Kopie-L\u00dc-Kopie.jpg 1000w, https:\/\/www.ulrike-terhardt.de\/wp-content\/uploads\/2013\/08\/2011_0720horizons0013-Kopie-2-web-2-Kopie-L\u00dc-Kopie-150x43.jpg 150w, https:\/\/www.ulrike-terhardt.de\/wp-content\/uploads\/2013\/08\/2011_0720horizons0013-Kopie-2-web-2-Kopie-L\u00dc-Kopie-300x86.jpg 300w, https:\/\/www.ulrike-terhardt.de\/wp-content\/uploads\/2013\/08\/2011_0720horizons0013-Kopie-2-web-2-Kopie-L\u00dc-Kopie-640x184.jpg 640w, https:\/\/www.ulrike-terhardt.de\/wp-content\/uploads\/2013\/08\/2011_0720horizons0013-Kopie-2-web-2-Kopie-L\u00dc-Kopie-780x224.jpg 780w\" sizes=\"(max-width: 1000px) 100vw, 1000px\" \/><\/p>\n<h3><\/h3>\n<h3 style=\"text-align: center;\">Portfolio<\/h3>\n<h4 style=\"text-align: left;\"><\/h4>\n<h4 style=\"text-align: left;\">Konkrete und gegenst\u00e4ndliche<span style=\"color: #000000;\"> <strong>Malerei<\/strong><\/span> in \u00d6l und anderen Medien wie organischen und anorganischen Pigmenten auf Leinwand sowie Papier.<\/h4>\n<p>&nbsp;<\/p>\n<h4 style=\"text-align: left;\"><span style=\"color: #000000;\"><strong>Photographische Reihen<\/strong><\/span> in schwarz\/wei\u00df und Color. Bewegung, Entwicklung, Ver\u00e4nderung und Verfremdung, Licht und Schatten halte ich mit der Camera fest, analog und digital.<\/h4>\n<h4 style=\"text-align: left;\">Bespiele: Strandgut, Nebel- und Schneelandschaften, Autorenportraits, Insekten und andere Tiere, Tanz, Qui Gong, Graffiti.<\/h4>\n<p>&nbsp;<\/p>\n<h4 style=\"text-align: left;\"><span style=\"color: #000000;\"><strong>Skulpturen<\/strong><\/span> lasse ich aus verschiedensten H\u00f6lzern entstehen, in reiner Handarbeit mit Stechbeitel und Kl\u00fcpfel.<\/h4>\n<h4 style=\"text-align: left;\">So entstehen vorwiegend gegenst\u00e4ndliche Plastiken wie K\u00f6pfe bis circa 100 cm Gr\u00f6\u00dfe.<\/h4>\n<h4 style=\"text-align: left;\">Als Schluss Firnis verwende ich nat\u00fcrliche \u00d6le, die Oberfl\u00e4chenstruktur und Haptik des Holzes hevorheben und den spezifischen Duft betonen.<\/h4>\n<p style=\"text-align: left;\">\n<h3 style=\"text-align: left;\">\u00a0<a href=\"http:\/\/www.ulrike-terhardt.de\/?page_id=922\">Datenschutzerkl\u00e4rung<\/a><\/h3>\n","protected":false},"excerpt":{"rendered":"<p>Portfolio Konkrete und gegenst\u00e4ndliche Malerei in \u00d6l und anderen Medien wie organischen und anorganischen Pigmenten auf Leinwand sowie Papier. &nbsp; Photographische Reihen in schwarz\/wei\u00df und Color. Bewegung, Entwicklung, Ver\u00e4nderung und Verfremdung, Licht und Schatten halte ich mit der Camera fest, analog und digital. Bespiele: Strandgut, Nebel- und Schneelandschaften, Autorenportraits, Insekten und andere Tiere, Tanz, Qui [&hellip;]<\/p>\n","protected":false},"author":1,"featured_media":0,"parent":0,"menu_order":0,"comment_status":"closed","ping_status":"open","template":"","meta":[],"_links":{"self":[{"href":"https:\/\/www.ulrike-terhardt.de\/index.php?rest_route=\/wp\/v2\/pages\/319"}],"collection":[{"href":"https:\/\/www.ulrike-terhardt.de\/index.php?rest_route=\/wp\/v2\/pages"}],"about":[{"href":"https:\/\/www.ulrike-terhardt.de\/index.php?rest_route=\/wp\/v2\/types\/page"}],"author":[{"embeddable":true,"href":"https:\/\/www.ulrike-terhardt.de\/index.php?rest_route=\/wp\/v2\/users\/1"}],"replies":[{"embeddable":true,"href":"https:\/\/www.ulrike-terhardt.de\/index.php?rest_route=%2Fwp%2Fv2%2Fcomments&post=319"}],"version-history":[{"count":11,"href":"https:\/\/www.ulrike-terhardt.de\/index.php?rest_route=\/wp\/v2\/pages\/319\/revisions"}],"predecessor-version":[{"id":949,"href":"https:\/\/www.ulrike-terhardt.de\/index.php?rest_route=\/wp\/v2\/pages\/319\/revisions\/949"}],"wp:attachment":[{"href":"https:\/\/www.ulrike-terhardt.de\/index.php?rest_route=%2Fwp%2Fv2%2Fmedia&parent=319"}],"curies":[{"name":"wp","href":"https:\/\/api.w.org\/{rel}","templated":true}]}}