{"id":395,"date":"2013-09-03T14:50:20","date_gmt":"2013-09-03T12:50:20","guid":{"rendered":"http:\/\/ulrike-terhardt.de\/?page_id=395"},"modified":"2020-02-13T23:04:25","modified_gmt":"2020-02-13T22:04:25","slug":"ausstellungen","status":"publish","type":"page","link":"https:\/\/www.ulrike-terhardt.de\/?page_id=395","title":{"rendered":"Ausstellungs\u00fcberblick"},"content":{"rendered":"<h1 style=\"text-align: center;\">Malerei<\/h1>\n<p style=\"text-align: center;\"><strong>B\u00e4ume und Buchstaben<\/strong><\/p>\n<p style=\"text-align: center;\">Gemeinschaftsausstellung<\/p>\n<p style=\"text-align: center;\">16.02. &#8211; 17.04.2020<\/p>\n<p style=\"text-align: center;\">Rathaus Kempstra\u00dfe 1<\/p>\n<p style=\"text-align: center;\">32457 Porta Westfalica<\/p>\n<h1 style=\"text-align: center;\">Photographie<\/h1>\n<p style=\"text-align: center;\"><strong>Fundsachen Regard modifi\u00e9<\/strong><\/p>\n<p style=\"text-align: center;\">10.02. &#8211; 16.03.2020<\/p>\n<p style=\"text-align: center;\">B\u00fcrgerzentrum<\/p>\n<p style=\"text-align: center;\">Unter den Linden 12<\/p>\n<p style=\"text-align: center;\">32052 Herford<\/p>\n<h1 style=\"text-align: center;\">Malerei<\/h1>\n<h5 style=\"text-align: center;\">Gr\u00fcn wie&#8230;<\/h5>\n<p style=\"text-align: center;\">Kreishaus Herford Mai 2017 Malerei auf Leinwand<\/p>\n<p>&nbsp;<\/p>\n<h5 style=\"text-align: center;\">Kompositionen Konkret Tonal<\/h5>\n<p style=\"text-align: center;\">Tanzschule Roemkens Herford seit 1.Oktober 2017 Malerei auf Papier auf Leinwand<\/p>\n<p style=\"text-align: center;\"><strong>\u00a0<\/strong><\/p>\n<h5 style=\"text-align: center;\">Horizonte und Systeme<\/h5>\n<p style=\"text-align: center;\">Volksbank in Enger ab 6. November\u00a0 2017 Malerei auf Papier und 2 Collagen auf Carton<\/p>\n<p style=\"text-align: center;\"><strong>\u00a0<\/strong><\/p>\n<h1 style=\"text-align: center;\">Photographie<\/h1>\n<h5 style=\"text-align: center;\">Qui Gong<\/h5>\n<h5 style=\"text-align: center;\">Peter Kurzeck<\/h5>\n<h5 style=\"text-align: center;\">Schuhe<\/h5>\n<h5 style=\"text-align: center;\">Laisse de Mer, Strandgut<\/h5>\n<h5 style=\"text-align: center;\">Annoncer la couleur,Farbe bekennen<\/h5>\n<h5 style=\"text-align: center;\">Ausstellungen in Vlotho (u.a. Kunst im Schaufenster)<\/h5>\n<p>&nbsp;<\/p>\n<h1 style=\"text-align: center;\">Skultpur<\/h1>\n<h5 style=\"text-align: center;\">Kornspeicher Vlotho 2015 Holzskulpturen<\/h5>\n<h5 style=\"text-align: center;\">Langestra\u00dfe 135 2015- Juli 2017 Malerei, Collagen, Skulpturen<\/h5>\n<p>&nbsp;<\/p>\n","protected":false},"excerpt":{"rendered":"<p>Malerei B\u00e4ume und Buchstaben Gemeinschaftsausstellung 16.02. &#8211; 17.04.2020 Rathaus Kempstra\u00dfe 1 32457 Porta Westfalica Photographie Fundsachen Regard modifi\u00e9 10.02. &#8211; 16.03.2020 B\u00fcrgerzentrum Unter den Linden 12 32052 Herford Malerei Gr\u00fcn wie&#8230; Kreishaus Herford Mai 2017 Malerei auf Leinwand &nbsp; Kompositionen Konkret Tonal Tanzschule Roemkens Herford seit 1.Oktober 2017 Malerei auf Papier auf Leinwand \u00a0 Horizonte [&hellip;]<\/p>\n","protected":false},"author":1,"featured_media":947,"parent":0,"menu_order":0,"comment_status":"closed","ping_status":"open","template":"","meta":[],"_links":{"self":[{"href":"https:\/\/www.ulrike-terhardt.de\/index.php?rest_route=\/wp\/v2\/pages\/395"}],"collection":[{"href":"https:\/\/www.ulrike-terhardt.de\/index.php?rest_route=\/wp\/v2\/pages"}],"about":[{"href":"https:\/\/www.ulrike-terhardt.de\/index.php?rest_route=\/wp\/v2\/types\/page"}],"author":[{"embeddable":true,"href":"https:\/\/www.ulrike-terhardt.de\/index.php?rest_route=\/wp\/v2\/users\/1"}],"replies":[{"embeddable":true,"href":"https:\/\/www.ulrike-terhardt.de\/index.php?rest_route=%2Fwp%2Fv2%2Fcomments&post=395"}],"version-history":[{"count":27,"href":"https:\/\/www.ulrike-terhardt.de\/index.php?rest_route=\/wp\/v2\/pages\/395\/revisions"}],"predecessor-version":[{"id":1023,"href":"https:\/\/www.ulrike-terhardt.de\/index.php?rest_route=\/wp\/v2\/pages\/395\/revisions\/1023"}],"wp:featuredmedia":[{"embeddable":true,"href":"https:\/\/www.ulrike-terhardt.de\/index.php?rest_route=\/wp\/v2\/media\/947"}],"wp:attachment":[{"href":"https:\/\/www.ulrike-terhardt.de\/index.php?rest_route=%2Fwp%2Fv2%2Fmedia&parent=395"}],"curies":[{"name":"wp","href":"https:\/\/api.w.org\/{rel}","templated":true}]}}