{"id":922,"date":"2018-02-18T18:03:11","date_gmt":"2018-02-18T17:03:11","guid":{"rendered":"http:\/\/www.ulrike-terhardt.de\/?page_id=922"},"modified":"2018-05-27T17:08:22","modified_gmt":"2018-05-27T15:08:22","slug":"datenschutzerklaerung","status":"publish","type":"page","link":"https:\/\/www.ulrike-terhardt.de\/?page_id=922","title":{"rendered":"Datenschutzerkl\u00e4rung"},"content":{"rendered":"<p><strong>Diese Datenschutzerkl\u00e4rung gilt f\u00fcr das Internet-Angebot www.ulrike-terhardt.de. Diese ist f\u00fcr die Inhalte dieses Internet-Angebots verantwortlich.<br \/>\n<\/strong><\/p>\n<p>Durch die Nutzung meiner Website erkl\u00e4ren Sie sich mit der Erhebung, Verarbeitung und Nutzung von Daten gem\u00e4\u00df der nachfolgenden Beschreibung einverstanden.<\/p>\n<p>Erhebung von Nutzungsdaten\/Nutzungsanalyse<\/p>\n<p>Beim Zugriff auf unser Internetangebot erfassen wir folgende Daten in einer Protokolldatei:<\/p>\n<ul>\n<li>IP-Adresse in anonymisierter(verk\u00fcrzter) Form<\/li>\n<li>Zeitpunkt des Zugriffs<\/li>\n<li>aufgerufene Seite bzw. Name der abgerufenen Datei (URL)<\/li>\n<li>Status-Informationen \/z.B. Fehlercodes)<\/li>\n<li>\u00fcbertragene Datenmenge<\/li>\n<li>Browser-Informationen (genutzter Webbrowser, Betriebssystem, Spracheinstellung etc.)<\/li>\n<\/ul>\n<p>Die Daten werden ausschlie\u00dflich f\u00fcr statistische Zwecke genutzt. Eine Weitergabe an Dritte erfolgt nicht. Dieses Internetangebot verwendet keine Techniken, die darauf abzielen, das Nutzungsverhalten einzelner Nutzer auszuwerten. Personenbezogene Nutzungsprofile werden nicht erstellt.<\/p>\n<p>Auskunftsrechte<\/p>\n<p>Auskunftsrechte k\u00f6nnen schriftlich oder per E-Mail gegen\u00fcber der im Impressum genannten Stelle geltend gemacht werden. Dies gilt auch f\u00fcr Widerspr\u00fcche zu einer erteilten Einwilligungserkl\u00e4rung.<\/p>\n<p>&nbsp;<\/p>\n<p>Quelle: Muster Datenschutzerkl\u00e4rung von vfp.de<\/p>\n<p>Landesbeauftragte f\u00fcr Datenschutz und Informationsfreiheit Nordrhein-Westfalen: Helga Block, Kavalleriestra\u00dfe 2-4,<\/p>\n<p>40213 D\u00fcsseldorf: Telefon: 02 11\/ 384 24-0, Telefax: 02 11\/384 24-10, E-Mail: poststelle@ldi.nrw.de,<\/p>\n<p>Homepage: http\/\/ldi.nrw.de<\/p>\n","protected":false},"excerpt":{"rendered":"<p>Diese Datenschutzerkl\u00e4rung gilt f\u00fcr das Internet-Angebot www.ulrike-terhardt.de. Diese ist f\u00fcr die Inhalte dieses Internet-Angebots verantwortlich. Durch die Nutzung meiner Website erkl\u00e4ren Sie sich mit der Erhebung, Verarbeitung und Nutzung von Daten gem\u00e4\u00df der nachfolgenden Beschreibung einverstanden. Erhebung von Nutzungsdaten\/Nutzungsanalyse Beim Zugriff auf unser Internetangebot erfassen wir folgende Daten in einer Protokolldatei: IP-Adresse in anonymisierter(verk\u00fcrzter) Form [&hellip;]<\/p>\n","protected":false},"author":1,"featured_media":0,"parent":0,"menu_order":0,"comment_status":"closed","ping_status":"closed","template":"","meta":[],"_links":{"self":[{"href":"https:\/\/www.ulrike-terhardt.de\/index.php?rest_route=\/wp\/v2\/pages\/922"}],"collection":[{"href":"https:\/\/www.ulrike-terhardt.de\/index.php?rest_route=\/wp\/v2\/pages"}],"about":[{"href":"https:\/\/www.ulrike-terhardt.de\/index.php?rest_route=\/wp\/v2\/types\/page"}],"author":[{"embeddable":true,"href":"https:\/\/www.ulrike-terhardt.de\/index.php?rest_route=\/wp\/v2\/users\/1"}],"replies":[{"embeddable":true,"href":"https:\/\/www.ulrike-terhardt.de\/index.php?rest_route=%2Fwp%2Fv2%2Fcomments&post=922"}],"version-history":[{"count":5,"href":"https:\/\/www.ulrike-terhardt.de\/index.php?rest_route=\/wp\/v2\/pages\/922\/revisions"}],"predecessor-version":[{"id":939,"href":"https:\/\/www.ulrike-terhardt.de\/index.php?rest_route=\/wp\/v2\/pages\/922\/revisions\/939"}],"wp:attachment":[{"href":"https:\/\/www.ulrike-terhardt.de\/index.php?rest_route=%2Fwp%2Fv2%2Fmedia&parent=922"}],"curies":[{"name":"wp","href":"https:\/\/api.w.org\/{rel}","templated":true}]}}